{"id":93,"date":"2021-08-24T10:11:09","date_gmt":"2021-08-24T08:11:09","guid":{"rendered":"http:\/\/sandraleger.fr\/?page_id=93"},"modified":"2023-05-02T15:14:05","modified_gmt":"2023-05-02T13:14:05","slug":"qui-suis-je","status":"publish","type":"page","link":"https:\/\/sandraleger.fr\/?page_id=93","title":{"rendered":"Qui suis-je ?"},"content":{"rendered":"<div id=\"jw-element-127641212\" class=\"jw-tree-node jw-element jw-text jw-image-text\" data-jw-element-id=\"127641212\">\n<div class=\"jw-element-imagetext-text\">\n<p style=\"text-align: left;\">Je suis \u00e9ducatrice sp\u00e9cialis\u00e9e de formation initiale. Mon parcours professionnel s&rsquo;inscrit aupr\u00e8s d&rsquo;un public essentiellement adolescent, de jeunes adultes et de leurs familles.<\/p>\n<p style=\"text-align: left;\">J&rsquo;ai travaill\u00e9 en pr\u00e9vention sp\u00e9cialis\u00e9e en R\u00e9gion Parisienne dans l&rsquo;accompagnement d&rsquo;adolescents et de jeunes adultes notamment dans la r\u00e9insertion professionnelle et sociale. Je suis intervenue aupr\u00e8s des familles en difficult\u00e9s dans le cadre d&rsquo;un accompagnement personnalis\u00e9 et d&rsquo;un soutien \u00e0 la parentalit\u00e9. J&rsquo;ai pu mener des actions d&rsquo;information et de pr\u00e9vention au sein des coll\u00e8ges sur les violences sexuelles, le harc\u00e8lement scolaire&#8230;<\/p>\n<p style=\"text-align: left;\">Puis, j ai exerc\u00e9 plus de 10 ans en p\u00e9dopsychiatrie \u00e0 Limoges, aupr\u00e8s d&rsquo;enfants pr\u00e9sentant des troubles du d\u00e9veloppement mais surtout aupr\u00e8s d&rsquo;adolescents (en hospitalisation de crise ou en h\u00f4pital de jour) pr\u00e9sentant des troubles du comportement (trouble du comportement alimentaire, phobie scolaire, anxi\u00e9t\u00e9, d\u00e9pression, conduites ordaliques, harc\u00e8lement scolaire\/ sexuel, pr\u00e9sentant des traumatismes&#8230;)<\/p>\n<p style=\"text-align: left;\">D\u00e9sireuse que mon accompagnement soit le plus adapt\u00e9 aux besoins des personnes et par grand int\u00e9r\u00eat aux relations humaines et au processus de communication, je suis me form\u00e9e en Intervention syst\u00e9mique et Th\u00e9rapie familiale et de couple \u00e0 l&rsquo;Institut Michel Montaigne pr\u00e8s de Bordeaux.<\/p>\n<p style=\"text-align: left;\">Ces exp\u00e9riences ainsi que les formations m&rsquo;ont ammen\u00e9e \u00e0 comprendre l&rsquo;influence de notre histoire personnelle, de notre h\u00e9ritage familial sur notre relation avec les autres.<\/p>\n<p style=\"text-align: left;\">Riche de cela, je vous propose un accompagnement personnalis\u00e9, adapt\u00e9 afin de r\u00e9pondre au plus proche de vos besoins.<\/p>\n<\/div>\n<\/div>\n<div id=\"jw-element-127642503\" class=\"jw-tree-node jw-element jw-text jw-image-text\" data-jw-element-id=\"127642503\">\n<div class=\"jw-element-imagetext-text\">\n<p style=\"text-align: left;\">Nous cherchons ensemble une lecture diff\u00e9rente de ce qui pose probl\u00e8me, ce qui bloque au sein de votre famille ou de votre couple, afin de vous permettre d&rsquo;op\u00e9rer des changements et ceci en nous appuyant sur vos ressources, vos comp\u00e9tences individuelles et familiales.<\/p>\n<p style=\"text-align: left;\">Avec bienveillance, je vous aiderai \u00e0 communiquer sur vos ressentis et votre relation. Cet espace d&rsquo;\u00e9change vous permettra de verbaliser vos difficult\u00e9s, vos inqui\u00e9tudes, et ainsi d&rsquo;exp\u00e9rimenter de nouveaux v\u00e9cus \u00e9motionnels.<\/p>\n<p style=\"text-align: left;\">Je vous accueille dans un cadre th\u00e9rapeutique s\u00e9curisant et confidentiel o\u00f9 le respect, l&#8217;empathie, la tol\u00e9rance d\u00e9finissent votre accompagnement.<\/p>\n<p>Certifi\u00e9e praticienne en EMDR-DSA par l&rsquo;AHTMA \u00e0 Vannes (2023), je vous accompagne dans la gestion: des \u00e9motions,\u00a0 de l anxiete, des phobies, des chocs traumatiques,\u00a0 des deuils, des\u00a0 toubles obsessionnels compulsifs, du syndrome de stress post traumatique &#8230;<\/p>\n<\/div>\n<\/div>\n","protected":false},"excerpt":{"rendered":"<p>Je suis \u00e9ducatrice sp\u00e9cialis\u00e9e de formation initiale. Mon parcours professionnel s&rsquo;inscrit aupr\u00e8s d&rsquo;un public essentiellement adolescent, de jeunes adultes et de leurs familles. J&rsquo;ai travaill\u00e9 en pr\u00e9vention sp\u00e9cialis\u00e9e en R\u00e9gion Parisienne dans l&rsquo;accompagnement d&rsquo;adolescents et de jeunes adultes notamment dans la r\u00e9insertion professionnelle et sociale. Je suis intervenue aupr\u00e8s des familles en difficult\u00e9s dans le &hellip; <\/p>\n<p class=\"link-more\"><a href=\"https:\/\/sandraleger.fr\/?page_id=93\" class=\"more-link\">Continuer la lecture<span class=\"screen-reader-text\"> de &laquo;&nbsp;Qui suis-je ?&nbsp;&raquo;<\/span><\/a><\/p>\n","protected":false},"author":2,"featured_media":0,"parent":0,"menu_order":0,"comment_status":"closed","ping_status":"closed","template":"","meta":{"spay_email":""},"_links":{"self":[{"href":"https:\/\/sandraleger.fr\/index.php?rest_route=\/wp\/v2\/pages\/93"}],"collection":[{"href":"https:\/\/sandraleger.fr\/index.php?rest_route=\/wp\/v2\/pages"}],"about":[{"href":"https:\/\/sandraleger.fr\/index.php?rest_route=\/wp\/v2\/types\/page"}],"author":[{"embeddable":true,"href":"https:\/\/sandraleger.fr\/index.php?rest_route=\/wp\/v2\/users\/2"}],"replies":[{"embeddable":true,"href":"https:\/\/sandraleger.fr\/index.php?rest_route=%2Fwp%2Fv2%2Fcomments&post=93"}],"version-history":[{"count":10,"href":"https:\/\/sandraleger.fr\/index.php?rest_route=\/wp\/v2\/pages\/93\/revisions"}],"predecessor-version":[{"id":178,"href":"https:\/\/sandraleger.fr\/index.php?rest_route=\/wp\/v2\/pages\/93\/revisions\/178"}],"wp:attachment":[{"href":"https:\/\/sandraleger.fr\/index.php?rest_route=%2Fwp%2Fv2%2Fmedia&parent=93"}],"curies":[{"name":"wp","href":"https:\/\/api.w.org\/{rel}","templated":true}]}}