{"id":58,"date":"2021-08-24T09:39:04","date_gmt":"2021-08-24T07:39:04","guid":{"rendered":"http:\/\/sandraleger.fr\/?page_id=58"},"modified":"2023-05-02T14:58:43","modified_gmt":"2023-05-02T12:58:43","slug":"accueil","status":"publish","type":"page","link":"https:\/\/sandraleger.fr\/","title":{"rendered":"Accueil"},"content":{"rendered":"<div id=\"jw-element-127639016\" class=\"jw-tree-node jw-element jw-text jw-image-text\" data-jw-element-id=\"127639016\">\n<div class=\"jw-element-imagetext-text\">\n<h2 class=\"jw-heading-100\">Qu&rsquo;est ce que la th\u00e9rapie syst\u00e9mique?<\/h2>\n<\/div>\n<\/div>\n<div id=\"jw-element-127639109\" class=\"jw-tree-node jw-element jw-text jw-image-text\" data-jw-element-id=\"127639109\">\n<div class=\"jw-element-imagetext-text\">\n<p style=\"text-align: justify;\">Lorsque nous traversons des moments difficiles, qui perturbent, destabilisent notre vie personnelle, familiale ou conjugale, nos relations aux autres peuvent \u00eatre mises \u00e0 mal.<\/p>\n<p style=\"text-align: justify;\">La th\u00e9rapie syst\u00e9mique est class\u00e9e parmi les th\u00e9rapies br\u00e8ves car elle agit sur l&rsquo;ensemble du syst\u00e8me relationnel et intervient dans l&rsquo;<em>\u00ab\u00a0Ici et maintenant\u00a0\u00bb.<\/em> La th\u00e9rapie br\u00e8ve ne signifie pas que le probl\u00e8me va \u00eatre r\u00e9solu instantan\u00e9ment car la famille, le couple, l&rsquo;individu peut avoir besoin de temps pour prendre conscience de ce fonctionnement, de ses b\u00e9n\u00e9fices, de ses inconv\u00e9nients et ensuite accepter de le quitter en prenant le risque d&rsquo;un changement vers l&rsquo; inconnu.<\/p>\n<p style=\"text-align: justify;\">La th\u00e9rapie syst\u00e9mique permet de prendre en compte la personne dans son contexte de vie familiale, sociale, professionnelle&#8230;<\/p>\n<p style=\"text-align: justify;\">Elle permet de rep\u00e9rer le mal \u00eatre d&rsquo;un individu, d&rsquo;un couple ou d&rsquo;une famille, et elle s&rsquo;appuie sur les comp\u00e9tences et les ressources de chacun des membres du syst\u00e8me. Le but est bien d&rsquo;identifier ce qui se joue dans la relation et d&rsquo;exp\u00e9rimenter qu&rsquo;un changement est possible pour trouver un \u00e9quilibre satisfaisant pour chacun.<\/p>\n<p style=\"text-align: justify;\">Mon r\u00f4le est de vous accompagner dans ce processus de changement, en vous aidant \u00e0 communiquer sur vos ressentis, sur votre relation, de vous permettre une lecture diff\u00e9rente de votre fonctionnement afin que vous puissiez exp\u00e9rimenter de nouveaux v\u00e9cus \u00e9motionnels.<\/p>\n<\/div>\n<\/div>\n","protected":false},"excerpt":{"rendered":"<p>Qu&rsquo;est ce que la th\u00e9rapie syst\u00e9mique? Lorsque nous traversons des moments difficiles, qui perturbent, destabilisent notre vie personnelle, familiale ou conjugale, nos relations aux autres peuvent \u00eatre mises \u00e0 mal. La th\u00e9rapie syst\u00e9mique est class\u00e9e parmi les th\u00e9rapies br\u00e8ves car elle agit sur l&rsquo;ensemble du syst\u00e8me relationnel et intervient dans l&rsquo;\u00ab\u00a0Ici et maintenant\u00a0\u00bb. La th\u00e9rapie &hellip; <\/p>\n<p class=\"link-more\"><a href=\"https:\/\/sandraleger.fr\/\" class=\"more-link\">Continuer la lecture<span class=\"screen-reader-text\"> de &laquo;&nbsp;Accueil&nbsp;&raquo;<\/span><\/a><\/p>\n","protected":false},"author":2,"featured_media":0,"parent":0,"menu_order":0,"comment_status":"closed","ping_status":"closed","template":"","meta":{"spay_email":""},"_links":{"self":[{"href":"https:\/\/sandraleger.fr\/index.php?rest_route=\/wp\/v2\/pages\/58"}],"collection":[{"href":"https:\/\/sandraleger.fr\/index.php?rest_route=\/wp\/v2\/pages"}],"about":[{"href":"https:\/\/sandraleger.fr\/index.php?rest_route=\/wp\/v2\/types\/page"}],"author":[{"embeddable":true,"href":"https:\/\/sandraleger.fr\/index.php?rest_route=\/wp\/v2\/users\/2"}],"replies":[{"embeddable":true,"href":"https:\/\/sandraleger.fr\/index.php?rest_route=%2Fwp%2Fv2%2Fcomments&post=58"}],"version-history":[{"count":6,"href":"https:\/\/sandraleger.fr\/index.php?rest_route=\/wp\/v2\/pages\/58\/revisions"}],"predecessor-version":[{"id":158,"href":"https:\/\/sandraleger.fr\/index.php?rest_route=\/wp\/v2\/pages\/58\/revisions\/158"}],"wp:attachment":[{"href":"https:\/\/sandraleger.fr\/index.php?rest_route=%2Fwp%2Fv2%2Fmedia&parent=58"}],"curies":[{"name":"wp","href":"https:\/\/api.w.org\/{rel}","templated":true}]}}