{"id":122,"date":"2021-09-01T14:11:46","date_gmt":"2021-09-01T12:11:46","guid":{"rendered":"http:\/\/sandraleger.fr\/?page_id=122"},"modified":"2021-09-01T22:03:00","modified_gmt":"2021-09-01T20:03:00","slug":"therapeute-familiale-2","status":"publish","type":"page","link":"https:\/\/sandraleger.fr\/?page_id=122","title":{"rendered":"th\u00e9rapie individuelle"},"content":{"rendered":"<div id=\"jw-element-132078739\" class=\"jw-tree-node jw-element jw-text jw-image-text\" data-jw-element-id=\"132078739\">\n<div class=\"jw-element-imagetext-text\">\n<ul>\n<li style=\"text-align: justify;\">Vous vous sentez mal et vous n&rsquo;arrivez pas\u00a0 \u00e0 mettre des mots sur cela;<\/li>\n<li style=\"text-align: justify;\">Vous traversez des situations compliqu\u00e9es (personnelles, professionnelles, scolaires&#8230; )qui vous freinent dans votre vie quotidienne;<\/li>\n<li style=\"text-align: justify;\">Vous sous sentez d\u00e9bord\u00e9 par vos \u00e9motions;<\/li>\n<li style=\"text-align: justify;\">vous cherchez un espace pour travailler sur vous.<\/li>\n<\/ul>\n<p style=\"text-align: justify;\">Je vous propose un accompagnement th\u00e9rapeutique bienveillant afin de vous aidez \u00e0 traverser ces \u00e9preuves.<\/p>\n<\/div>\n<\/div>\n","protected":false},"excerpt":{"rendered":"<p>Vous vous sentez mal et vous n&rsquo;arrivez pas\u00a0 \u00e0 mettre des mots sur cela; Vous traversez des situations compliqu\u00e9es (personnelles, professionnelles, scolaires&#8230; )qui vous freinent dans votre vie quotidienne; Vous sous sentez d\u00e9bord\u00e9 par vos \u00e9motions; vous cherchez un espace pour travailler sur vous. Je vous propose un accompagnement th\u00e9rapeutique bienveillant afin de vous aidez &hellip; <\/p>\n<p class=\"link-more\"><a href=\"https:\/\/sandraleger.fr\/?page_id=122\" class=\"more-link\">Continuer la lecture<span class=\"screen-reader-text\"> de &laquo;&nbsp;th\u00e9rapie individuelle&nbsp;&raquo;<\/span><\/a><\/p>\n","protected":false},"author":2,"featured_media":0,"parent":0,"menu_order":0,"comment_status":"closed","ping_status":"closed","template":"","meta":{"spay_email":""},"_links":{"self":[{"href":"https:\/\/sandraleger.fr\/index.php?rest_route=\/wp\/v2\/pages\/122"}],"collection":[{"href":"https:\/\/sandraleger.fr\/index.php?rest_route=\/wp\/v2\/pages"}],"about":[{"href":"https:\/\/sandraleger.fr\/index.php?rest_route=\/wp\/v2\/types\/page"}],"author":[{"embeddable":true,"href":"https:\/\/sandraleger.fr\/index.php?rest_route=\/wp\/v2\/users\/2"}],"replies":[{"embeddable":true,"href":"https:\/\/sandraleger.fr\/index.php?rest_route=%2Fwp%2Fv2%2Fcomments&post=122"}],"version-history":[{"count":6,"href":"https:\/\/sandraleger.fr\/index.php?rest_route=\/wp\/v2\/pages\/122\/revisions"}],"predecessor-version":[{"id":162,"href":"https:\/\/sandraleger.fr\/index.php?rest_route=\/wp\/v2\/pages\/122\/revisions\/162"}],"wp:attachment":[{"href":"https:\/\/sandraleger.fr\/index.php?rest_route=%2Fwp%2Fv2%2Fmedia&parent=122"}],"curies":[{"name":"wp","href":"https:\/\/api.w.org\/{rel}","templated":true}]}}