{"id":101,"date":"2021-08-24T10:12:46","date_gmt":"2021-08-24T08:12:46","guid":{"rendered":"http:\/\/sandraleger.fr\/?page_id=101"},"modified":"2021-09-01T22:06:00","modified_gmt":"2021-09-01T20:06:00","slug":"la-therapie-familiale","status":"publish","type":"page","link":"https:\/\/sandraleger.fr\/?page_id=101","title":{"rendered":"La th\u00e9rapie familiale"},"content":{"rendered":"<ul>\n<li style=\"text-align: justify;\">Un membre de la famille souffre, est en difficult\u00e9, toute la famille peut en\u00a0 \u00a0\u00eatre d\u00e9stabilis\u00e9e,<\/li>\n<li style=\"text-align: justify;\">Les relations entre les membres de la famille sont compliqu\u00e9es,<\/li>\n<li style=\"text-align: justify;\">Les conflits entrainent des difficult\u00e9s de communication,<\/li>\n<li style=\"text-align: justify;\">Le vivre ensemble est probl\u00e9matique,<\/li>\n<li style=\"text-align: justify;\">Les \u00e9preuves de la vie vous affectent et rendent fragile l&rsquo;\u00e9quilibre familial,<\/li>\n<li style=\"text-align: justify;\">Vous rencontrez des difficult\u00e9s quant \u00e0 l&rsquo;\u00e9ducation de vos enfants,<\/li>\n<li style=\"text-align: justify;\">Vous avez besoin d&rsquo;\u00eatre soutenu dans votre parentalit\u00e9&#8230;;<\/li>\n<\/ul>\n<p style=\"text-align: justify;\">Cet espace th\u00e9rapeutique peut vous aider \u00e0 rep\u00e9rer les non-dits, les croyances familiales, les secrets, les mythes qui d\u00e9s\u00e9quilibrent le syst\u00e8me familial. Il peut vous permettre de retrouver une communication plus harmonieuse.<\/p>\n","protected":false},"excerpt":{"rendered":"<p>Un membre de la famille souffre, est en difficult\u00e9, toute la famille peut en\u00a0 \u00a0\u00eatre d\u00e9stabilis\u00e9e, Les relations entre les membres de la famille sont compliqu\u00e9es, Les conflits entrainent des difficult\u00e9s de communication, Le vivre ensemble est probl\u00e9matique, Les \u00e9preuves de la vie vous affectent et rendent fragile l&rsquo;\u00e9quilibre familial, Vous rencontrez des difficult\u00e9s quant &hellip; <\/p>\n<p class=\"link-more\"><a href=\"https:\/\/sandraleger.fr\/?page_id=101\" class=\"more-link\">Continuer la lecture<span class=\"screen-reader-text\"> de &laquo;&nbsp;La th\u00e9rapie familiale&nbsp;&raquo;<\/span><\/a><\/p>\n","protected":false},"author":2,"featured_media":0,"parent":0,"menu_order":0,"comment_status":"closed","ping_status":"closed","template":"","meta":{"spay_email":""},"_links":{"self":[{"href":"https:\/\/sandraleger.fr\/index.php?rest_route=\/wp\/v2\/pages\/101"}],"collection":[{"href":"https:\/\/sandraleger.fr\/index.php?rest_route=\/wp\/v2\/pages"}],"about":[{"href":"https:\/\/sandraleger.fr\/index.php?rest_route=\/wp\/v2\/types\/page"}],"author":[{"embeddable":true,"href":"https:\/\/sandraleger.fr\/index.php?rest_route=\/wp\/v2\/users\/2"}],"replies":[{"embeddable":true,"href":"https:\/\/sandraleger.fr\/index.php?rest_route=%2Fwp%2Fv2%2Fcomments&post=101"}],"version-history":[{"count":4,"href":"https:\/\/sandraleger.fr\/index.php?rest_route=\/wp\/v2\/pages\/101\/revisions"}],"predecessor-version":[{"id":164,"href":"https:\/\/sandraleger.fr\/index.php?rest_route=\/wp\/v2\/pages\/101\/revisions\/164"}],"wp:attachment":[{"href":"https:\/\/sandraleger.fr\/index.php?rest_route=%2Fwp%2Fv2%2Fmedia&parent=101"}],"curies":[{"name":"wp","href":"https:\/\/api.w.org\/{rel}","templated":true}]}}